{"id":2359,"date":"2023-07-05T16:29:55","date_gmt":"2023-07-05T14:29:55","guid":{"rendered":"https:\/\/lesfreresscopitone.com\/?page_id=2359"},"modified":"2023-07-06T17:02:34","modified_gmt":"2023-07-06T15:02:34","slug":"credits","status":"publish","type":"page","link":"https:\/\/lesfreresscopitone.com\/index.php\/credits\/","title":{"rendered":"Cr\u00e9dits"},"content":{"rendered":"\t\t<div data-elementor-type=\"wp-page\" data-elementor-id=\"2359\" class=\"elementor elementor-2359\" data-elementor-settings=\"{&quot;ha_cmc_init_switcher&quot;:&quot;no&quot;}\" data-elementor-post-type=\"page\">\n\t\t\t\t\t\t<section class=\"elementor-section elementor-top-section elementor-element elementor-element-19438136 elementor-section-boxed elementor-section-height-default elementor-section-height-default\" data-id=\"19438136\" data-element_type=\"section\" data-settings=\"{&quot;_ha_eqh_enable&quot;:false}\">\n\t\t\t\t\t\t<div class=\"elementor-container elementor-column-gap-default\">\n\t\t\t\t\t<div class=\"elementor-column elementor-col-100 elementor-top-column elementor-element elementor-element-127fd0d7\" data-id=\"127fd0d7\" data-element_type=\"column\">\n\t\t\t<div class=\"elementor-widget-wrap elementor-element-populated\">\n\t\t\t\t\t\t<div class=\"elementor-element elementor-element-47ee85eb elementor-widget elementor-widget-text-editor\" data-id=\"47ee85eb\" data-element_type=\"widget\" data-widget_type=\"text-editor.default\">\n\t\t\t\t<div class=\"elementor-widget-container\">\n\t\t\t\t\t\t\t\t\t<p><\/p>\n<div class=\"elementor-element elementor-element-8ba61ba elementor-widget elementor-widget-heading\" data-id=\"8ba61ba\" data-element_type=\"widget\" data-widget_type=\"heading.default\">\n<div class=\"elementor-widget-container\">\n<h2 class=\"elementor-heading-title elementor-size-default wp-block-heading\">Cr\u00e9dits du site<\/h2>\n<\/div>\n<\/div>\n<div class=\"elementor-element elementor-element-372ee1e elementor-widget elementor-widget-spacer\" data-id=\"372ee1e\" data-element_type=\"widget\" data-widget_type=\"spacer.default\">\n<div class=\"elementor-widget-container\">\n<div class=\"elementor-spacer\">\n<div class=\"elementor-spacer-inner\">Les photographies utilis\u00e9s sur ce site internet sont la propri\u00e9t\u00e9 des Fr\u00e8res Scopitone et des photographes ayant mis \u00e0 disposition leurs productions.<\/div>\n<\/div>\n<\/div>\n<\/div>\n<div class=\"elementor-element elementor-element-98cf167 text-justify elementor-widget elementor-widget-tp-adv-text-block\" data-id=\"98cf167\" data-element_type=\"widget\" data-widget_type=\"tp-adv-text-block.default\">\n<div class=\"elementor-widget-container\">\n<div class=\"pt-plus-text-block-wrapper\">\n<div class=\"text_block_parallax\">\n<div class=\"pt_plus_adv_text_block \">\n<div class=\"text-content-block\">\n<p>Les cr\u00e9dits des photographies du site sont g\u00e9n\u00e9ralement visibles par un clic sur les \u00e9l\u00e9ments concern\u00e9s.<br \/>Toute utilisation sans autorisation pr\u00e9alable explicite de photographies ou \u00e9l\u00e9ments graphique est prohib\u00e9e, selon la l\u00e9gislation en vigueur.<\/p>\n<\/div>\n<\/div>\n<\/div>\n<\/div>\n<\/div>\n<\/div>\n<p><\/p>\n<p>La conception du site ainsi que le webmastering du site sont confi\u00e9s \u00e0 Culture Frez (<a href=\"https:\/\/www.culturefrez.fr\" target=\"_blank\" rel=\"noopener\">www.culturefrez.fr<\/a>), auto-entrepreneur bas\u00e9 \u00e0 Ch\u00e2teauroux (36).<\/p>\n<p>Certains \u00e9l\u00e9ments graphiques du site sont \u00e9labor\u00e9s par Zucopo (<span class=\"s2\"><a href=\"https:\/\/zucopo.space\/design\/\">zucopo.space\/design<\/a>).<\/span><\/p>\n<p>Merci \u00e0 l&rsquo;ensemble de nos contributeurs.<\/p>\n<h4><a href=\"https:\/\/lesfreresscopitone.com\/index.php\/politique-de-cookies-ue\/\" target=\"_blank\" rel=\"noopener\">\u2192 Politique de cookies<\/a><\/h4>\n<h4><a href=\"https:\/\/lesfreresscopitone.com\/index.php\/politique-de-confidentialite\/\" target=\"_blank\" rel=\"noopener\">\u2192 Politique de confidentialit\u00e9<\/a><\/h4>\n<p><\/p>\t\t\t\t\t\t\t\t<\/div>\n\t\t\t\t<\/div>\n\t\t\t\t\t<\/div>\n\t\t<\/div>\n\t\t\t\t\t<\/div>\n\t\t<\/section>\n\t\t\t\t<\/div>\n\t\t","protected":false},"excerpt":{"rendered":"<p>Cr\u00e9dits du site Les photographies utilis\u00e9s sur ce site internet sont la propri\u00e9t\u00e9 des Fr\u00e8res Scopitone et des photographes ayant mis \u00e0 disposition leurs productions. Les cr\u00e9dits des photographies du site sont g\u00e9n\u00e9ralement visibles par un clic sur les \u00e9l\u00e9ments concern\u00e9s.Toute utilisation sans autorisation pr\u00e9alable explicite de photographies ou \u00e9l\u00e9ments graphique est prohib\u00e9e, selon la&hellip;&nbsp;<a href=\"https:\/\/lesfreresscopitone.com\/index.php\/credits\/\" rel=\"bookmark\">Lire la suite &raquo;<span class=\"screen-reader-text\">Cr\u00e9dits<\/span><\/a><\/p>\n","protected":false},"author":1,"featured_media":0,"parent":0,"menu_order":0,"comment_status":"closed","ping_status":"closed","template":"","meta":{"neve_meta_sidebar":"","neve_meta_container":"","neve_meta_enable_content_width":"","neve_meta_content_width":0,"neve_meta_title_alignment":"","neve_meta_author_avatar":"","neve_post_elements_order":"","neve_meta_disable_header":"","neve_meta_disable_footer":"","neve_meta_disable_title":"","h5ap_radio_sources":[],"footnotes":""},"class_list":["post-2359","page","type-page","status-publish","hentry"],"_links":{"self":[{"href":"https:\/\/lesfreresscopitone.com\/index.php\/wp-json\/wp\/v2\/pages\/2359","targetHints":{"allow":["GET"]}}],"collection":[{"href":"https:\/\/lesfreresscopitone.com\/index.php\/wp-json\/wp\/v2\/pages"}],"about":[{"href":"https:\/\/lesfreresscopitone.com\/index.php\/wp-json\/wp\/v2\/types\/page"}],"author":[{"embeddable":true,"href":"https:\/\/lesfreresscopitone.com\/index.php\/wp-json\/wp\/v2\/users\/1"}],"replies":[{"embeddable":true,"href":"https:\/\/lesfreresscopitone.com\/index.php\/wp-json\/wp\/v2\/comments?post=2359"}],"version-history":[{"count":4,"href":"https:\/\/lesfreresscopitone.com\/index.php\/wp-json\/wp\/v2\/pages\/2359\/revisions"}],"predecessor-version":[{"id":2363,"href":"https:\/\/lesfreresscopitone.com\/index.php\/wp-json\/wp\/v2\/pages\/2359\/revisions\/2363"}],"wp:attachment":[{"href":"https:\/\/lesfreresscopitone.com\/index.php\/wp-json\/wp\/v2\/media?parent=2359"}],"curies":[{"name":"wp","href":"https:\/\/api.w.org\/{rel}","templated":true}]}}