{"id":1599,"date":"2023-06-06T10:41:40","date_gmt":"2023-06-06T08:41:40","guid":{"rendered":"https:\/\/lesfreresscopitone.com\/?page_id=1599"},"modified":"2026-03-30T06:18:10","modified_gmt":"2026-03-30T04:18:10","slug":"contact","status":"publish","type":"page","link":"https:\/\/lesfreresscopitone.com\/index.php\/contact\/","title":{"rendered":"Contact"},"content":{"rendered":"\t\t<div data-elementor-type=\"wp-post\" data-elementor-id=\"1599\" class=\"elementor elementor-1599\" data-elementor-settings=\"{&quot;ha_cmc_init_switcher&quot;:&quot;no&quot;}\" data-elementor-post-type=\"page\">\n\t\t\t\t\t\t<section class=\"elementor-section elementor-top-section elementor-element elementor-element-1c1ca3e elementor-section-boxed elementor-section-height-default elementor-section-height-default\" data-id=\"1c1ca3e\" data-element_type=\"section\" data-settings=\"{&quot;_ha_eqh_enable&quot;:false}\">\n\t\t\t\t\t\t<div class=\"elementor-container elementor-column-gap-default\">\n\t\t\t\t\t<div class=\"elementor-column elementor-col-100 elementor-top-column elementor-element elementor-element-811fb17\" data-id=\"811fb17\" data-element_type=\"column\">\n\t\t\t<div class=\"elementor-widget-wrap elementor-element-populated\">\n\t\t\t\t\t\t<div class=\"elementor-element elementor-element-43a3c82 elementor-hidden-tablet elementor-hidden-mobile elementor-widget elementor-widget-spacer\" data-id=\"43a3c82\" data-element_type=\"widget\" data-widget_type=\"spacer.default\">\n\t\t\t\t<div class=\"elementor-widget-container\">\n\t\t\t\t\t\t\t<div class=\"elementor-spacer\">\n\t\t\t<div class=\"elementor-spacer-inner\"><\/div>\n\t\t<\/div>\n\t\t\t\t\t\t<\/div>\n\t\t\t\t<\/div>\n\t\t\t\t\t<\/div>\n\t\t<\/div>\n\t\t\t\t\t<\/div>\n\t\t<\/section>\n\t\t\t\t<section class=\"elementor-section elementor-top-section elementor-element elementor-element-9650068 elementor-section-boxed elementor-section-height-default elementor-section-height-default\" data-id=\"9650068\" data-element_type=\"section\" data-settings=\"{&quot;_ha_eqh_enable&quot;:false}\">\n\t\t\t\t\t\t<div class=\"elementor-container elementor-column-gap-default\">\n\t\t\t\t\t<div class=\"elementor-column elementor-col-16 elementor-top-column elementor-element elementor-element-cbdcded\" data-id=\"cbdcded\" data-element_type=\"column\">\n\t\t\t<div class=\"elementor-widget-wrap\">\n\t\t\t\t\t\t\t<\/div>\n\t\t<\/div>\n\t\t\t\t<div class=\"elementor-column elementor-col-66 elementor-top-column elementor-element elementor-element-b0a60a7\" data-id=\"b0a60a7\" data-element_type=\"column\">\n\t\t\t<div class=\"elementor-widget-wrap elementor-element-populated\">\n\t\t\t\t\t\t<div class=\"elementor-element elementor-element-2c3ba10 premium-floating-effects-yes elementor-widget elementor-widget-text-editor\" data-id=\"2c3ba10\" data-element_type=\"widget\" data-settings=\"{&quot;premium_fe_translate_switcher&quot;:&quot;yes&quot;,&quot;premium_fe_trigger&quot;:&quot;load&quot;,&quot;premium_fe_Xtranslate&quot;:{&quot;unit&quot;:&quot;px&quot;,&quot;size&quot;:&quot;&quot;,&quot;sizes&quot;:{&quot;from&quot;:0,&quot;to&quot;:5}},&quot;premium_fe_Ytranslate&quot;:{&quot;unit&quot;:&quot;px&quot;,&quot;size&quot;:&quot;&quot;,&quot;sizes&quot;:{&quot;from&quot;:0,&quot;to&quot;:5}},&quot;premium_fe_trans_duration&quot;:{&quot;unit&quot;:&quot;px&quot;,&quot;size&quot;:1000,&quot;sizes&quot;:[]},&quot;premium_fe_trans_delay&quot;:{&quot;unit&quot;:&quot;px&quot;,&quot;size&quot;:&quot;&quot;,&quot;sizes&quot;:[]},&quot;premium_fe_direction&quot;:&quot;alternate&quot;,&quot;premium_fe_loop&quot;:&quot;default&quot;,&quot;premium_fe_easing&quot;:&quot;easeInOutSine&quot;}\" data-widget_type=\"text-editor.default\">\n\t\t\t\t<div class=\"elementor-widget-container\">\n\t\t\t\t\t\t\t\t\t<h4>Contactez nous !<\/h4>\t\t\t\t\t\t\t\t<\/div>\n\t\t\t\t<\/div>\n\t\t\t\t\t<\/div>\n\t\t<\/div>\n\t\t\t\t<div class=\"elementor-column elementor-col-16 elementor-top-column elementor-element elementor-element-29d34f3\" data-id=\"29d34f3\" data-element_type=\"column\">\n\t\t\t<div class=\"elementor-widget-wrap\">\n\t\t\t\t\t\t\t<\/div>\n\t\t<\/div>\n\t\t\t\t\t<\/div>\n\t\t<\/section>\n\t\t\t\t<section class=\"elementor-section elementor-top-section elementor-element elementor-element-3801d0e elementor-section-boxed elementor-section-height-default elementor-section-height-default\" data-id=\"3801d0e\" data-element_type=\"section\" data-settings=\"{&quot;_ha_eqh_enable&quot;:false}\">\n\t\t\t\t\t\t<div class=\"elementor-container elementor-column-gap-default\">\n\t\t\t\t\t<div class=\"elementor-column elementor-col-16 elementor-top-column elementor-element elementor-element-4ac85d7\" data-id=\"4ac85d7\" data-element_type=\"column\">\n\t\t\t<div class=\"elementor-widget-wrap\">\n\t\t\t\t\t\t\t<\/div>\n\t\t<\/div>\n\t\t\t\t<div class=\"elementor-column elementor-col-66 elementor-top-column elementor-element elementor-element-a80a98b\" data-id=\"a80a98b\" data-element_type=\"column\">\n\t\t\t<div class=\"elementor-widget-wrap elementor-element-populated\">\n\t\t\t\t\t\t<div class=\"elementor-element elementor-element-48625e4 elementor-widget elementor-widget-spacer\" data-id=\"48625e4\" data-element_type=\"widget\" data-widget_type=\"spacer.default\">\n\t\t\t\t<div class=\"elementor-widget-container\">\n\t\t\t\t\t\t\t<div class=\"elementor-spacer\">\n\t\t\t<div class=\"elementor-spacer-inner\"><\/div>\n\t\t<\/div>\n\t\t\t\t\t\t<\/div>\n\t\t\t\t<\/div>\n\t\t\t\t<div class=\"elementor-element elementor-element-0291a53 elementor-button-align-stretch elementor-widget elementor-widget-form\" data-id=\"0291a53\" data-element_type=\"widget\" data-settings=\"{&quot;step_next_label&quot;:&quot;Suivant&quot;,&quot;step_previous_label&quot;:&quot;Pr\\u00e9c\\u00e9dent&quot;,&quot;button_width&quot;:&quot;100&quot;,&quot;step_type&quot;:&quot;number_text&quot;,&quot;step_icon_shape&quot;:&quot;circle&quot;}\" data-widget_type=\"form.default\">\n\t\t\t\t<div class=\"elementor-widget-container\">\n\t\t\t\t\t\t\t<form class=\"elementor-form\" method=\"post\" name=\"Formulaire de contact les Fr\u00e8res Scopitone\" aria-label=\"Formulaire de contact les Fr\u00e8res Scopitone\" novalidate=\"\">\n\t\t\t<input type=\"hidden\" name=\"post_id\" value=\"1599\"\/>\n\t\t\t<input type=\"hidden\" name=\"form_id\" value=\"0291a53\"\/>\n\t\t\t<input type=\"hidden\" name=\"referer_title\" value=\"\" \/>\n\n\t\t\t\n\t\t\t<div class=\"elementor-form-fields-wrapper elementor-labels-above\">\n\t\t\t\t\t\t\t\t<div class=\"elementor-field-type-text elementor-field-group elementor-column elementor-field-group-name elementor-col-100 elementor-field-required\">\n\t\t\t\t\t\t\t\t\t\t\t\t<label for=\"form-field-name\" class=\"elementor-field-label\">\n\t\t\t\t\t\t\t\tNom\t\t\t\t\t\t\t<\/label>\n\t\t\t\t\t\t\t\t\t\t\t\t\t\t<input size=\"1\" type=\"text\" name=\"form_fields[name]\" id=\"form-field-name\" class=\"elementor-field elementor-size-sm  elementor-field-textual\" required=\"required\">\n\t\t\t\t\t\t\t\t\t\t\t<\/div>\n\t\t\t\t\t\t\t\t<div class=\"elementor-field-type-text elementor-field-group elementor-column elementor-field-group-field_098096f elementor-col-100 elementor-field-required\">\n\t\t\t\t\t\t\t\t\t\t\t\t<label for=\"form-field-field_098096f\" class=\"elementor-field-label\">\n\t\t\t\t\t\t\t\tPr\u00e9nom\t\t\t\t\t\t\t<\/label>\n\t\t\t\t\t\t\t\t\t\t\t\t\t\t<input size=\"1\" type=\"text\" name=\"form_fields[field_098096f]\" id=\"form-field-field_098096f\" class=\"elementor-field elementor-size-sm  elementor-field-textual\" required=\"required\">\n\t\t\t\t\t\t\t\t\t\t\t<\/div>\n\t\t\t\t\t\t\t\t<div class=\"elementor-field-type-tel elementor-field-group elementor-column elementor-field-group-field_a3d8eb4 elementor-col-100\">\n\t\t\t\t\t\t\t\t\t\t\t\t<label for=\"form-field-field_a3d8eb4\" class=\"elementor-field-label\">\n\t\t\t\t\t\t\t\tT\u00e9l\u00e9phone\t\t\t\t\t\t\t<\/label>\n\t\t\t\t\t\t\t\t<input size=\"1\" type=\"tel\" name=\"form_fields[field_a3d8eb4]\" id=\"form-field-field_a3d8eb4\" class=\"elementor-field elementor-size-sm  elementor-field-textual\" pattern=\"[0-9()#&amp;+*-=.]+\" title=\"Seuls les caract\u00e8res de num\u00e9ros de t\u00e9l\u00e9phone (#, -, *, etc.) sont accept\u00e9s.\">\n\n\t\t\t\t\t\t<\/div>\n\t\t\t\t\t\t\t\t<div class=\"elementor-field-type-email elementor-field-group elementor-column elementor-field-group-email elementor-col-100 elementor-field-required\">\n\t\t\t\t\t\t\t\t\t\t\t\t<label for=\"form-field-email\" class=\"elementor-field-label\">\n\t\t\t\t\t\t\t\tE-mail\t\t\t\t\t\t\t<\/label>\n\t\t\t\t\t\t\t\t\t\t\t\t\t\t<input size=\"1\" type=\"email\" name=\"form_fields[email]\" id=\"form-field-email\" class=\"elementor-field elementor-size-sm  elementor-field-textual\" required=\"required\">\n\t\t\t\t\t\t\t\t\t\t\t<\/div>\n\t\t\t\t\t\t\t\t<div class=\"elementor-field-type-textarea elementor-field-group elementor-column elementor-field-group-message elementor-col-100 elementor-field-required\">\n\t\t\t\t\t\t\t\t\t\t\t\t<label for=\"form-field-message\" class=\"elementor-field-label\">\n\t\t\t\t\t\t\t\tMessage\t\t\t\t\t\t\t<\/label>\n\t\t\t\t\t\t<textarea class=\"elementor-field-textual elementor-field  elementor-size-sm\" name=\"form_fields[message]\" id=\"form-field-message\" rows=\"4\" required=\"required\"><\/textarea>\t\t\t\t<\/div>\n\t\t\t\t\t\t\t\t<div class=\"elementor-field-group elementor-column elementor-field-type-submit elementor-col-100 e-form__buttons\">\n\t\t\t\t\t<button class=\"elementor-button elementor-size-sm\" type=\"submit\">\n\t\t\t\t\t\t<span class=\"elementor-button-content-wrapper\">\n\t\t\t\t\t\t\t\t\t\t\t\t\t\t\t\t\t\t\t\t\t\t<span class=\"elementor-button-text\">Envoyer<\/span>\n\t\t\t\t\t\t\t\t\t\t\t\t\t<\/span>\n\t\t\t\t\t<\/button>\n\t\t\t\t<\/div>\n\t\t\t<\/div>\n\t\t<\/form>\n\t\t\t\t\t\t<\/div>\n\t\t\t\t<\/div>\n\t\t\t\t\t<\/div>\n\t\t<\/div>\n\t\t\t\t<div class=\"elementor-column elementor-col-16 elementor-top-column elementor-element elementor-element-aad845e\" data-id=\"aad845e\" data-element_type=\"column\">\n\t\t\t<div class=\"elementor-widget-wrap\">\n\t\t\t\t\t\t\t<\/div>\n\t\t<\/div>\n\t\t\t\t\t<\/div>\n\t\t<\/section>\n\t\t\t\t<section class=\"elementor-section elementor-top-section elementor-element elementor-element-0a9ec04 elementor-section-boxed elementor-section-height-default elementor-section-height-default\" data-id=\"0a9ec04\" data-element_type=\"section\" data-settings=\"{&quot;_ha_eqh_enable&quot;:false}\">\n\t\t\t\t\t\t<div class=\"elementor-container elementor-column-gap-default\">\n\t\t\t\t\t<div class=\"elementor-column elementor-col-33 elementor-top-column elementor-element elementor-element-5db8860\" data-id=\"5db8860\" data-element_type=\"column\">\n\t\t\t<div class=\"elementor-widget-wrap\">\n\t\t\t\t\t\t\t<\/div>\n\t\t<\/div>\n\t\t\t\t<div class=\"elementor-column elementor-col-33 elementor-top-column elementor-element elementor-element-f7bb0b0\" data-id=\"f7bb0b0\" data-element_type=\"column\">\n\t\t\t<div class=\"elementor-widget-wrap elementor-element-populated\">\n\t\t\t\t\t\t<div class=\"elementor-element elementor-element-9120e1f elementor-widget elementor-widget-spacer\" data-id=\"9120e1f\" data-element_type=\"widget\" data-widget_type=\"spacer.default\">\n\t\t\t\t<div class=\"elementor-widget-container\">\n\t\t\t\t\t\t\t<div class=\"elementor-spacer\">\n\t\t\t<div class=\"elementor-spacer-inner\"><\/div>\n\t\t<\/div>\n\t\t\t\t\t\t<\/div>\n\t\t\t\t<\/div>\n\t\t\t\t<section class=\"elementor-section elementor-inner-section elementor-element elementor-element-5599076 elementor-section-boxed elementor-section-height-default elementor-section-height-default\" data-id=\"5599076\" data-element_type=\"section\" data-settings=\"{&quot;_ha_eqh_enable&quot;:false}\">\n\t\t\t\t\t\t<div class=\"elementor-container elementor-column-gap-wider\">\n\t\t\t\t\t<div class=\"elementor-column elementor-col-50 elementor-inner-column elementor-element elementor-element-5938f13\" data-id=\"5938f13\" data-element_type=\"column\">\n\t\t\t<div class=\"elementor-widget-wrap elementor-element-populated\">\n\t\t\t\t\t\t<div class=\"elementor-element elementor-element-cae761b elementor-widget elementor-widget-eael-adv-accordion\" data-id=\"cae761b\" data-element_type=\"widget\" data-widget_type=\"eael-adv-accordion.default\">\n\t\t\t\t<div class=\"elementor-widget-container\">\n\t\t\t\t\t            <div class=\"eael-adv-accordion\" id=\"eael-adv-accordion-cae761b\" data-scroll-on-click=\"no\" data-scroll-speed=\"300\" data-accordion-id=\"cae761b\" data-accordion-type=\"accordion\" data-toogle-speed=\"300\">\n            <div class=\"eael-accordion-list\">\n\t\t\t\t\t<div id=\"contact-diffusion\" class=\"elementor-tab-title eael-accordion-header\" tabindex=\"0\" data-tab=\"1\" aria-controls=\"elementor-tab-content-2121\"><span class=\"fa-accordion-icon fa-accordion-icon-svg eaa-svg eael-advanced-accordion-icon-closed\"><svg xmlns=\"http:\/\/www.w3.org\/2000\/svg\" id=\"Calque_2\" data-name=\"Calque 2\" viewBox=\"0 0 785.92 524.36\"><defs><style>      .cls-1 {        fill: #fff;        stroke: #fff;        stroke-miterlimit: 10;      }    <\/style><\/defs><g id=\"Outline\"><g id=\"Outline-2\"><path class=\"cls-1\" d=\"m772.34,432.21h-13.08v-13.08c0-21.75-17.5-39.25-39.25-39.25s-39.25,17.5-39.25,39.25v13.08h-53.8c17.66-17.17,27.64-40.72,27.64-65.41v-222.39c-.16-79.47-64.43-143.74-143.9-143.9H144.4C64.93.66.66,64.93.5,144.4v222.39c0,50.53,41.04,91.57,91.57,91.57h92.72c7.2,42.68,47.59,71.46,90.27,64.43,33.03-5.56,58.87-31.4,64.43-64.43h367.44v26.16c0,7.2,5.89,13.08,13.08,13.08s13.08-5.89,13.08-13.08v-26.16h39.25c7.2,0,13.08-5.89,13.08-13.08s-5.89-13.08-13.08-13.08Zm-209.31,0h-39.25v-104.66h104.66v39.25c0,36.14-29.27,65.41-65.41,65.41Zm-39.25-274.72h104.66v143.9h-104.66v-143.9ZM144.4,26.66h366.3c59.85.16,110.22,45.13,116.92,104.66h-103.84v-26.16c0-21.75-17.5-39.25-39.25-39.25h-65.41c-21.75,0-39.25,17.5-39.25,39.25v26.16H27.48c6.7-59.52,57.07-104.49,116.92-104.66Zm235.48,130.82v143.9H26.66v-143.9h353.22Zm-117.74,340.13c-28.94,0-52.33-23.38-52.33-52.33s23.38-52.33,52.33-52.33,52.33,23.38,52.33,52.33-23.38,52.33-52.33,52.33Zm0-130.82c-38.26,0-70.97,27.64-77.35,65.41h-92.72c-36.14,0-65.41-29.27-65.41-65.41v-39.25h353.22v104.66h-40.39c-6.38-37.77-39.08-65.41-77.35-65.41Zm143.9,65.41V105.16c0-7.2,5.89-13.08,13.08-13.08h65.41c7.2,0,13.08,5.89,13.08,13.08v327.05h-91.57Zm300.89,0v-13.08c0-7.2,5.89-13.08,13.08-13.08s13.08,5.89,13.08,13.08v13.08h-26.16Z\"><\/path><path class=\"cls-1\" d=\"m78.99,280.62h104.66c14.39,0,26.16-11.77,26.16-26.16v-50.2c0-14.39-11.77-26.16-26.16-26.16h-104.66c-14.39,0-26.16,11.77-26.16,26.16v50.2c0,14.55,11.77,26.16,26.16,26.16Zm0-76.2h104.66v50.2h-104.66v-50.2Z\"><\/path><circle class=\"cls-1\" cx=\"262.14\" cy=\"445.29\" r=\"13.08\"><\/circle><path class=\"cls-1\" d=\"m438.75,216.35c-7.2,0-13.08,5.89-13.08,13.08v13.08c0,7.2,5.89,13.08,13.08,13.08s13.08-5.89,13.08-13.08v-13.08c0-7.2-5.89-13.08-13.08-13.08Z\"><\/path><\/g><\/g><\/svg><\/span><span class=\"eael-advanced-accordion-icon-opened\"><i aria-hidden=\"true\" class=\"fa-accordion-icon fas fa-minus\"><\/i><\/span><h5 class=\"eael-accordion-tab-title\">contact diffusion<\/h5><\/div><div id=\"elementor-tab-content-2121\" class=\"eael-accordion-content clearfix\" data-tab=\"1\" aria-labelledby=\"contact-diffusion\"><h5 style=\"text-align: center;\">Emilie Lain\u00e9 Jouannicot<br \/>06 30 25 93 54<\/h5><p><img fetchpriority=\"high\" decoding=\"async\" class=\"size-medium wp-image-403 aligncenter\" src=\"https:\/\/lesfreresscopitone.com\/wp-content\/uploads\/2023\/05\/Emilia-Scopitone-1-300x233.jpg\" alt=\"\" width=\"300\" height=\"233\" srcset=\"https:\/\/lesfreresscopitone.com\/wp-content\/uploads\/2023\/05\/Emilia-Scopitone-1-300x233.jpg 300w, https:\/\/lesfreresscopitone.com\/wp-content\/uploads\/2023\/05\/Emilia-Scopitone-1-1024x795.jpg 1024w, https:\/\/lesfreresscopitone.com\/wp-content\/uploads\/2023\/05\/Emilia-Scopitone-1-768x596.jpg 768w, https:\/\/lesfreresscopitone.com\/wp-content\/uploads\/2023\/05\/Emilia-Scopitone-1-1536x1192.jpg 1536w, https:\/\/lesfreresscopitone.com\/wp-content\/uploads\/2023\/05\/Emilia-Scopitone-1.jpg 1899w\" sizes=\"(max-width: 300px) 100vw, 300px\" \/><\/p><p style=\"text-align: center;\">La boite d\u2019Emilie<\/p><h5 style=\"text-align: center;\"><strong><span style=\"color: #ff0000;\"><a style=\"color: #ff0000;\" href=\"mailto:emilielaine@finemouche.fr\">emilielaine@finemouche.fr<\/a><\/span><\/strong><\/h5><\/div>\n\t\t\t\t\t<\/div><\/div>\t\t\t\t<\/div>\n\t\t\t\t<\/div>\n\t\t\t\t\t<\/div>\n\t\t<\/div>\n\t\t\t\t<div class=\"elementor-column elementor-col-50 elementor-inner-column elementor-element elementor-element-940c0d1\" data-id=\"940c0d1\" data-element_type=\"column\">\n\t\t\t<div class=\"elementor-widget-wrap elementor-element-populated\">\n\t\t\t\t\t\t<div class=\"elementor-element elementor-element-98cb1d2 elementor-widget elementor-widget-eael-adv-accordion\" data-id=\"98cb1d2\" data-element_type=\"widget\" data-widget_type=\"eael-adv-accordion.default\">\n\t\t\t\t<div class=\"elementor-widget-container\">\n\t\t\t\t\t            <div class=\"eael-adv-accordion\" id=\"eael-adv-accordion-98cb1d2\" data-scroll-on-click=\"no\" data-scroll-speed=\"300\" data-accordion-id=\"98cb1d2\" data-accordion-type=\"accordion\" data-toogle-speed=\"300\">\n            <div class=\"eael-accordion-list\">\n\t\t\t\t\t<div id=\"contact-compagnie\" class=\"elementor-tab-title eael-accordion-header\" tabindex=\"0\" data-tab=\"1\" aria-controls=\"elementor-tab-content-1601\"><span class=\"fa-accordion-icon fa-accordion-icon-svg eaa-svg eael-advanced-accordion-icon-closed\"><svg xmlns=\"http:\/\/www.w3.org\/2000\/svg\" id=\"Calque_2\" data-name=\"Calque 2\" viewBox=\"0 0 785.92 524.36\"><defs><style>      .cls-1 {        fill: #fff;        stroke: #fff;        stroke-miterlimit: 10;      }    <\/style><\/defs><g id=\"Outline\"><g id=\"Outline-2\"><path class=\"cls-1\" d=\"m772.34,432.21h-13.08v-13.08c0-21.75-17.5-39.25-39.25-39.25s-39.25,17.5-39.25,39.25v13.08h-53.8c17.66-17.17,27.64-40.72,27.64-65.41v-222.39c-.16-79.47-64.43-143.74-143.9-143.9H144.4C64.93.66.66,64.93.5,144.4v222.39c0,50.53,41.04,91.57,91.57,91.57h92.72c7.2,42.68,47.59,71.46,90.27,64.43,33.03-5.56,58.87-31.4,64.43-64.43h367.44v26.16c0,7.2,5.89,13.08,13.08,13.08s13.08-5.89,13.08-13.08v-26.16h39.25c7.2,0,13.08-5.89,13.08-13.08s-5.89-13.08-13.08-13.08Zm-209.31,0h-39.25v-104.66h104.66v39.25c0,36.14-29.27,65.41-65.41,65.41Zm-39.25-274.72h104.66v143.9h-104.66v-143.9ZM144.4,26.66h366.3c59.85.16,110.22,45.13,116.92,104.66h-103.84v-26.16c0-21.75-17.5-39.25-39.25-39.25h-65.41c-21.75,0-39.25,17.5-39.25,39.25v26.16H27.48c6.7-59.52,57.07-104.49,116.92-104.66Zm235.48,130.82v143.9H26.66v-143.9h353.22Zm-117.74,340.13c-28.94,0-52.33-23.38-52.33-52.33s23.38-52.33,52.33-52.33,52.33,23.38,52.33,52.33-23.38,52.33-52.33,52.33Zm0-130.82c-38.26,0-70.97,27.64-77.35,65.41h-92.72c-36.14,0-65.41-29.27-65.41-65.41v-39.25h353.22v104.66h-40.39c-6.38-37.77-39.08-65.41-77.35-65.41Zm143.9,65.41V105.16c0-7.2,5.89-13.08,13.08-13.08h65.41c7.2,0,13.08,5.89,13.08,13.08v327.05h-91.57Zm300.89,0v-13.08c0-7.2,5.89-13.08,13.08-13.08s13.08,5.89,13.08,13.08v13.08h-26.16Z\"><\/path><path class=\"cls-1\" d=\"m78.99,280.62h104.66c14.39,0,26.16-11.77,26.16-26.16v-50.2c0-14.39-11.77-26.16-26.16-26.16h-104.66c-14.39,0-26.16,11.77-26.16,26.16v50.2c0,14.55,11.77,26.16,26.16,26.16Zm0-76.2h104.66v50.2h-104.66v-50.2Z\"><\/path><circle class=\"cls-1\" cx=\"262.14\" cy=\"445.29\" r=\"13.08\"><\/circle><path class=\"cls-1\" d=\"m438.75,216.35c-7.2,0-13.08,5.89-13.08,13.08v13.08c0,7.2,5.89,13.08,13.08,13.08s13.08-5.89,13.08-13.08v-13.08c0-7.2-5.89-13.08-13.08-13.08Z\"><\/path><\/g><\/g><\/svg><\/span><span class=\"eael-advanced-accordion-icon-opened\"><i aria-hidden=\"true\" class=\"fa-accordion-icon fas fa-minus\"><\/i><\/span><h5 class=\"eael-accordion-tab-title\">contact compagnie<\/h5><\/div><div id=\"elementor-tab-content-1601\" class=\"eael-accordion-content clearfix\" data-tab=\"1\" aria-labelledby=\"contact-compagnie\"><h5 style=\"text-align: center;\"><span style=\"color: #ff0000;\"><strong><a class=\"\" style=\"color: #ff0000;\" href=\"mailto:lesfreresscopitone@mailo.com\">lesfreresscopitone@mailo.com<\/a><\/strong><\/span><\/h5><p style=\"text-align: center;\"><b><br \/>Les Fr\u00e8res Scopitone<\/b> est un spectacle de <b>Barda Compagnie<br \/><\/b>Pour d\u00e9couvrir les autres spectacles de la compagnie<br \/><a href=\"http:\/\/www.barda-compagnie.org\/\" target=\"_blank\" rel=\"noopener noreferrer\"><span style=\"color: #ff0000;\">www.barda-compagnie.org<\/span><br \/><\/a>\u00a034 Espace Mend\u00e8s France\u00a036000 Ch\u00e2teauroux<\/p><p style=\"text-align: center;\">\u00a0<\/p><\/div>\n\t\t\t\t\t<\/div><\/div>\t\t\t\t<\/div>\n\t\t\t\t<\/div>\n\t\t\t\t\t<\/div>\n\t\t<\/div>\n\t\t\t\t\t<\/div>\n\t\t<\/section>\n\t\t\t\t<div class=\"elementor-element elementor-element-fb0a96a elementor-widget elementor-widget-spacer\" data-id=\"fb0a96a\" data-element_type=\"widget\" data-widget_type=\"spacer.default\">\n\t\t\t\t<div class=\"elementor-widget-container\">\n\t\t\t\t\t\t\t<div class=\"elementor-spacer\">\n\t\t\t<div class=\"elementor-spacer-inner\"><\/div>\n\t\t<\/div>\n\t\t\t\t\t\t<\/div>\n\t\t\t\t<\/div>\n\t\t\t\t\t<\/div>\n\t\t<\/div>\n\t\t\t\t<div class=\"elementor-column elementor-col-33 elementor-top-column elementor-element elementor-element-4c01e46\" data-id=\"4c01e46\" data-element_type=\"column\">\n\t\t\t<div class=\"elementor-widget-wrap\">\n\t\t\t\t\t\t\t<\/div>\n\t\t<\/div>\n\t\t\t\t\t<\/div>\n\t\t<\/section>\n\t\t\t\t<\/div>\n\t\t","protected":false},"excerpt":{"rendered":"<p>Contactez nous ! contact diffusion Emilie Lain\u00e9 Jouannicot06 30 25 93 54 La boite d\u2019Emilie emilielaine@finemouche.fr contact compagnie lesfreresscopitone@mailo.com Les Fr\u00e8res Scopitone est un spectacle de Barda CompagniePour d\u00e9couvrir les autres spectacles de la compagniewww.barda-compagnie.org\u00a034 Espace Mend\u00e8s France\u00a036000 Ch\u00e2teauroux \u00a0<\/p>\n","protected":false},"author":1,"featured_media":0,"parent":0,"menu_order":0,"comment_status":"closed","ping_status":"closed","template":"page-templates\/template-pagebuilder-full-width.php","meta":{"neve_meta_sidebar":"","neve_meta_container":"","neve_meta_enable_content_width":"","neve_meta_content_width":0,"neve_meta_title_alignment":"","neve_meta_author_avatar":"","neve_post_elements_order":"","neve_meta_disable_header":"","neve_meta_disable_footer":"","neve_meta_disable_title":"on","h5ap_radio_sources":[],"footnotes":""},"class_list":["post-1599","page","type-page","status-publish","hentry"],"_links":{"self":[{"href":"https:\/\/lesfreresscopitone.com\/index.php\/wp-json\/wp\/v2\/pages\/1599","targetHints":{"allow":["GET"]}}],"collection":[{"href":"https:\/\/lesfreresscopitone.com\/index.php\/wp-json\/wp\/v2\/pages"}],"about":[{"href":"https:\/\/lesfreresscopitone.com\/index.php\/wp-json\/wp\/v2\/types\/page"}],"author":[{"embeddable":true,"href":"https:\/\/lesfreresscopitone.com\/index.php\/wp-json\/wp\/v2\/users\/1"}],"replies":[{"embeddable":true,"href":"https:\/\/lesfreresscopitone.com\/index.php\/wp-json\/wp\/v2\/comments?post=1599"}],"version-history":[{"count":43,"href":"https:\/\/lesfreresscopitone.com\/index.php\/wp-json\/wp\/v2\/pages\/1599\/revisions"}],"predecessor-version":[{"id":3162,"href":"https:\/\/lesfreresscopitone.com\/index.php\/wp-json\/wp\/v2\/pages\/1599\/revisions\/3162"}],"wp:attachment":[{"href":"https:\/\/lesfreresscopitone.com\/index.php\/wp-json\/wp\/v2\/media?parent=1599"}],"curies":[{"name":"wp","href":"https:\/\/api.w.org\/{rel}","templated":true}]}}