{"id":1355,"date":"2023-06-05T11:59:47","date_gmt":"2023-06-05T09:59:47","guid":{"rendered":"https:\/\/lesfreresscopitone.com\/?page_id=1355"},"modified":"2024-03-05T16:21:41","modified_gmt":"2024-03-05T15:21:41","slug":"les-amis-et-soutiens","status":"publish","type":"page","link":"https:\/\/lesfreresscopitone.com\/index.php\/les-amis-et-soutiens\/","title":{"rendered":"Les amis et soutiens"},"content":{"rendered":"\t\t<div data-elementor-type=\"wp-post\" data-elementor-id=\"1355\" class=\"elementor elementor-1355\" data-elementor-settings=\"{&quot;ha_cmc_init_switcher&quot;:&quot;no&quot;}\" data-elementor-post-type=\"page\">\n\t\t\t\t\t\t<section class=\"elementor-section elementor-top-section elementor-element elementor-element-1c1ca3e elementor-section-boxed elementor-section-height-default elementor-section-height-default\" data-id=\"1c1ca3e\" data-element_type=\"section\" data-settings=\"{&quot;_ha_eqh_enable&quot;:false}\">\n\t\t\t\t\t\t<div class=\"elementor-container elementor-column-gap-default\">\n\t\t\t\t\t<div class=\"elementor-column elementor-col-100 elementor-top-column elementor-element elementor-element-811fb17\" data-id=\"811fb17\" data-element_type=\"column\">\n\t\t\t<div class=\"elementor-widget-wrap elementor-element-populated\">\n\t\t\t\t\t\t<div class=\"elementor-element elementor-element-43a3c82 elementor-widget elementor-widget-spacer\" data-id=\"43a3c82\" data-element_type=\"widget\" data-widget_type=\"spacer.default\">\n\t\t\t\t<div class=\"elementor-widget-container\">\n\t\t\t\t\t\t\t<div class=\"elementor-spacer\">\n\t\t\t<div class=\"elementor-spacer-inner\"><\/div>\n\t\t<\/div>\n\t\t\t\t\t\t<\/div>\n\t\t\t\t<\/div>\n\t\t\t\t\t<\/div>\n\t\t<\/div>\n\t\t\t\t\t<\/div>\n\t\t<\/section>\n\t\t\t\t<section class=\"elementor-section elementor-top-section elementor-element elementor-element-9650068 elementor-hidden-tablet elementor-hidden-mobile elementor-section-boxed elementor-section-height-default elementor-section-height-default\" data-id=\"9650068\" data-element_type=\"section\" data-settings=\"{&quot;_ha_eqh_enable&quot;:false}\">\n\t\t\t\t\t\t<div class=\"elementor-container elementor-column-gap-default\">\n\t\t\t\t\t<div class=\"elementor-column elementor-col-16 elementor-top-column elementor-element elementor-element-cbdcded\" data-id=\"cbdcded\" data-element_type=\"column\">\n\t\t\t<div class=\"elementor-widget-wrap\">\n\t\t\t\t\t\t\t<\/div>\n\t\t<\/div>\n\t\t\t\t<div class=\"elementor-column elementor-col-66 elementor-top-column elementor-element elementor-element-b0a60a7 elementor-hidden-mobile\" data-id=\"b0a60a7\" data-element_type=\"column\">\n\t\t\t<div class=\"elementor-widget-wrap elementor-element-populated\">\n\t\t\t\t\t\t<div class=\"elementor-element elementor-element-55ca1df elementor-widget elementor-widget-spacer\" data-id=\"55ca1df\" data-element_type=\"widget\" data-widget_type=\"spacer.default\">\n\t\t\t\t<div class=\"elementor-widget-container\">\n\t\t\t\t\t\t\t<div class=\"elementor-spacer\">\n\t\t\t<div class=\"elementor-spacer-inner\"><\/div>\n\t\t<\/div>\n\t\t\t\t\t\t<\/div>\n\t\t\t\t<\/div>\n\t\t\t\t\t<\/div>\n\t\t<\/div>\n\t\t\t\t<div class=\"elementor-column elementor-col-16 elementor-top-column elementor-element elementor-element-29d34f3 elementor-hidden-mobile\" data-id=\"29d34f3\" data-element_type=\"column\">\n\t\t\t<div class=\"elementor-widget-wrap\">\n\t\t\t\t\t\t\t<\/div>\n\t\t<\/div>\n\t\t\t\t\t<\/div>\n\t\t<\/section>\n\t\t\t\t<section class=\"elementor-section elementor-top-section elementor-element elementor-element-3801d0e elementor-section-boxed elementor-section-height-default elementor-section-height-default\" data-id=\"3801d0e\" data-element_type=\"section\" data-settings=\"{&quot;_ha_eqh_enable&quot;:false}\">\n\t\t\t\t\t\t<div class=\"elementor-container elementor-column-gap-default\">\n\t\t\t\t\t<div class=\"elementor-column elementor-col-16 elementor-top-column elementor-element elementor-element-4ac85d7 elementor-hidden-mobile\" data-id=\"4ac85d7\" data-element_type=\"column\">\n\t\t\t<div class=\"elementor-widget-wrap\">\n\t\t\t\t\t\t\t<\/div>\n\t\t<\/div>\n\t\t\t\t<div class=\"elementor-column elementor-col-66 elementor-top-column elementor-element elementor-element-a80a98b\" data-id=\"a80a98b\" data-element_type=\"column\">\n\t\t\t<div class=\"elementor-widget-wrap elementor-element-populated\">\n\t\t\t\t\t\t<section class=\"elementor-section elementor-inner-section elementor-element elementor-element-dfe72fa elementor-section-boxed elementor-section-height-default elementor-section-height-default\" data-id=\"dfe72fa\" data-element_type=\"section\" data-settings=\"{&quot;_ha_eqh_enable&quot;:false}\">\n\t\t\t\t\t\t<div class=\"elementor-container elementor-column-gap-default\">\n\t\t\t\t\t<div class=\"elementor-column elementor-col-33 elementor-inner-column elementor-element elementor-element-606ece0\" data-id=\"606ece0\" data-element_type=\"column\">\n\t\t\t<div class=\"elementor-widget-wrap elementor-element-populated\">\n\t\t\t\t\t\t<div class=\"elementor-element elementor-element-50af966 elementor-widget elementor-widget-image\" data-id=\"50af966\" data-element_type=\"widget\" data-settings=\"{&quot;motion_fx_motion_fx_scrolling&quot;:&quot;yes&quot;,&quot;motion_fx_opacity_effect&quot;:&quot;yes&quot;,&quot;motion_fx_opacity_direction&quot;:&quot;out-in&quot;,&quot;motion_fx_opacity_level&quot;:{&quot;unit&quot;:&quot;px&quot;,&quot;size&quot;:10,&quot;sizes&quot;:[]},&quot;motion_fx_opacity_range&quot;:{&quot;unit&quot;:&quot;%&quot;,&quot;size&quot;:&quot;&quot;,&quot;sizes&quot;:{&quot;start&quot;:20,&quot;end&quot;:80}},&quot;motion_fx_devices&quot;:[&quot;desktop&quot;,&quot;tablet&quot;,&quot;mobile&quot;]}\" data-widget_type=\"image.default\">\n\t\t\t\t<div class=\"elementor-widget-container\">\n\t\t\t\t\t\t\t\t\t\t\t\t\t\t\t<img fetchpriority=\"high\" decoding=\"async\" width=\"1024\" height=\"342\" src=\"https:\/\/lesfreresscopitone.com\/wp-content\/uploads\/2023\/06\/bouton-les-amis-1024x342.png\" class=\"attachment-large size-large wp-image-1365\" alt=\"\" srcset=\"https:\/\/lesfreresscopitone.com\/wp-content\/uploads\/2023\/06\/bouton-les-amis-1024x342.png 1024w, https:\/\/lesfreresscopitone.com\/wp-content\/uploads\/2023\/06\/bouton-les-amis-300x100.png 300w, https:\/\/lesfreresscopitone.com\/wp-content\/uploads\/2023\/06\/bouton-les-amis-768x256.png 768w, https:\/\/lesfreresscopitone.com\/wp-content\/uploads\/2023\/06\/bouton-les-amis-1536x512.png 1536w, https:\/\/lesfreresscopitone.com\/wp-content\/uploads\/2023\/06\/bouton-les-amis.png 1559w\" sizes=\"(max-width: 1024px) 100vw, 1024px\" \/>\t\t\t\t\t\t\t\t\t\t\t\t\t\t\t<\/div>\n\t\t\t\t<\/div>\n\t\t\t\t\t<\/div>\n\t\t<\/div>\n\t\t\t\t<div class=\"elementor-column elementor-col-33 elementor-inner-column elementor-element elementor-element-64830d8 elementor-hidden-mobile\" data-id=\"64830d8\" data-element_type=\"column\">\n\t\t\t<div class=\"elementor-widget-wrap\">\n\t\t\t\t\t\t\t<\/div>\n\t\t<\/div>\n\t\t\t\t<div class=\"elementor-column elementor-col-33 elementor-inner-column elementor-element elementor-element-ca97bde\" data-id=\"ca97bde\" data-element_type=\"column\">\n\t\t\t<div class=\"elementor-widget-wrap\">\n\t\t\t\t\t\t\t<\/div>\n\t\t<\/div>\n\t\t\t\t\t<\/div>\n\t\t<\/section>\n\t\t\t\t<div class=\"elementor-element elementor-element-48625e4 elementor-widget elementor-widget-spacer\" data-id=\"48625e4\" data-element_type=\"widget\" data-widget_type=\"spacer.default\">\n\t\t\t\t<div class=\"elementor-widget-container\">\n\t\t\t\t\t\t\t<div class=\"elementor-spacer\">\n\t\t\t<div class=\"elementor-spacer-inner\"><\/div>\n\t\t<\/div>\n\t\t\t\t\t\t<\/div>\n\t\t\t\t<\/div>\n\t\t\t\t<div class=\"elementor-element elementor-element-e2228a2 elementor-widget elementor-widget-text-editor\" data-id=\"e2228a2\" data-element_type=\"widget\" data-widget_type=\"text-editor.default\">\n\t\t\t\t<div class=\"elementor-widget-container\">\n\t\t\t\t\t\t\t\t\t<h5><a href=\"http:\/\/www.barda-compagnie.org\" target=\"_blank\" rel=\"noopener\">&gt; BARDA Cie<\/a><br \/><a href=\"http:\/\/www.amapolalegroupe.com\" target=\"_blank\" rel=\"noopener\">&gt; Amapola<\/a>\u00a0(Chants du monde)<br \/><a href=\"https:\/\/www.marie-maurette-diff.com\/pedalo-cantabile\" target=\"_blank\" rel=\"noopener\">&gt; Pedalo Cantabile <\/a>(Musique, spectacle)<a href=\"https:\/\/www.marie-maurette-diff.com\/pedalo-cantabile\" target=\"_blank\" rel=\"noopener noreferrer\"><br \/><\/a><a href=\"https:\/\/lesrustinesdelange.fr\/\" target=\"_blank\" rel=\"noopener\">&gt; \u00c7a va valser <\/a>(Musique, spectacle)<a href=\"https:\/\/lesrustinesdelange.fr\/\" target=\"_blank\" rel=\"noopener noreferrer\"><br \/><\/a><a href=\"https:\/\/fr-fr.facebook.com\/La-P%C3%A9p%C3%A9e-108873875799179\/\" target=\"_blank\" rel=\"noopener\">&gt; La P\u00e9p\u00e9e <\/a>(Chanson)<br \/><a href=\"https:\/\/fr-fr.facebook.com\/AkiAgoraMusic\" target=\"_blank\" rel=\"noopener\">&gt; Aki Agora <\/a>(Musique)\u00a0<a href=\"https:\/\/fr-fr.facebook.com\/AkiAgoraMusic\" target=\"_blank\" rel=\"noopener noreferrer\"><br \/><\/a><a href=\"https:\/\/fr-fr.facebook.com\/Vlad-146999518666770\/\" target=\"_blank\" rel=\"noopener\">&gt; Vladkistan <\/a>(Musique)\u00a0<a href=\"https:\/\/fr-fr.facebook.com\/Vlad-146999518666770\/\" target=\"_blank\" rel=\"noopener noreferrer\"><br \/><\/a><a href=\"https:\/\/www.facebook.com\/garcons.silvousplait?pnref=lhc.unseen\" target=\"_blank\" rel=\"noopener\">&gt; Gar\u00e7on s\u2019il vous pla\u00eet <\/a>(Chanson)<a href=\"https:\/\/www.facebook.com\/garcons.silvousplait?pnref=lhc.unseen\" target=\"_blank\" rel=\"noopener noreferrer\"><br \/><\/a><a href=\"https:\/\/fr-fr.facebook.com\/le.caboulot.tracte\/\" target=\"_blank\" rel=\"noopener\">&gt; Le caboulot tract\u00e9 <\/a>(Ev\u00e9nements sous chapiteau)\u00a0<a href=\"https:\/\/fr-fr.facebook.com\/le.caboulot.tracte\/\" target=\"_blank\" rel=\"noopener noreferrer\"><br \/><\/a><a href=\"https:\/\/fr-fr.facebook.com\/Le-36-mani%C3%A8res-150386925134241\/\" target=\"_blank\" rel=\"noopener\">&gt; Le 36 Mani\u00e8res <\/a>(Salle de spectacle)\u00a0<br \/><a href=\"http:\/\/a-vos-marques-tapage.fr\/\" target=\"_blank\" rel=\"noopener\">&gt; A vos marques\u2026Tapage ! <\/a>(Litt\u00e9rature, musiques, arts, albums jeunesse, sorties culturelles\u2026)<br \/><a href=\"https:\/\/rhizomes.zenfolio.com\/p455905559\" target=\"_blank\" rel=\"noopener\">&gt; Rhizomes <\/a>(Photographies) <br \/><a href=\"https:\/\/www.facebook.com\/didier.boninpictures\" target=\"_blank\" rel=\"noopener\">&gt; Didier Bonin <\/a>(Photographe) <br \/><a href=\"http:\/\/www.labtone.net\/\" target=\"_blank\" rel=\"noopener\">&gt; Romain Evrard-Lab\u2019tone <\/a>(Laboratoire d\u2019exp\u00e9riences visuelles et musicales)<br \/><a href=\"https:\/\/fr-fr.facebook.com\/GBG-Photos-177465759038277\/\" target=\"_blank\" rel=\"noopener\">&gt; Nicolas Gasquet <\/a>(Photographe)<\/h5>\t\t\t\t\t\t\t\t<\/div>\n\t\t\t\t<\/div>\n\t\t\t\t\t<\/div>\n\t\t<\/div>\n\t\t\t\t<div class=\"elementor-column elementor-col-16 elementor-top-column elementor-element elementor-element-aad845e elementor-hidden-mobile\" data-id=\"aad845e\" data-element_type=\"column\">\n\t\t\t<div class=\"elementor-widget-wrap\">\n\t\t\t\t\t\t\t<\/div>\n\t\t<\/div>\n\t\t\t\t\t<\/div>\n\t\t<\/section>\n\t\t\t\t<section class=\"elementor-section elementor-top-section elementor-element elementor-element-0a9ec04 elementor-section-boxed elementor-section-height-default elementor-section-height-default\" data-id=\"0a9ec04\" data-element_type=\"section\" data-settings=\"{&quot;_ha_eqh_enable&quot;:false}\">\n\t\t\t\t\t\t<div class=\"elementor-container elementor-column-gap-default\">\n\t\t\t\t\t<div class=\"elementor-column elementor-col-33 elementor-top-column elementor-element elementor-element-5db8860 elementor-hidden-mobile\" data-id=\"5db8860\" data-element_type=\"column\">\n\t\t\t<div class=\"elementor-widget-wrap\">\n\t\t\t\t\t\t\t<\/div>\n\t\t<\/div>\n\t\t\t\t<div class=\"elementor-column elementor-col-33 elementor-top-column elementor-element elementor-element-f7bb0b0\" data-id=\"f7bb0b0\" data-element_type=\"column\">\n\t\t\t<div class=\"elementor-widget-wrap elementor-element-populated\">\n\t\t\t\t\t\t<section class=\"elementor-section elementor-inner-section elementor-element elementor-element-5599076 elementor-section-boxed elementor-section-height-default elementor-section-height-default\" data-id=\"5599076\" data-element_type=\"section\" data-settings=\"{&quot;_ha_eqh_enable&quot;:false}\">\n\t\t\t\t\t\t<div class=\"elementor-container elementor-column-gap-wider\">\n\t\t\t\t\t<div class=\"elementor-column elementor-col-50 elementor-inner-column elementor-element elementor-element-5938f13\" data-id=\"5938f13\" data-element_type=\"column\">\n\t\t\t<div class=\"elementor-widget-wrap elementor-element-populated\">\n\t\t\t\t\t\t<div class=\"elementor-element elementor-element-c448021 elementor-widget elementor-widget-eael-adv-accordion\" data-id=\"c448021\" data-element_type=\"widget\" data-widget_type=\"eael-adv-accordion.default\">\n\t\t\t\t<div class=\"elementor-widget-container\">\n\t\t\t\t\t            <div class=\"eael-adv-accordion\" id=\"eael-adv-accordion-c448021\" data-scroll-on-click=\"no\" data-scroll-speed=\"300\" data-accordion-id=\"c448021\" data-accordion-type=\"accordion\" data-toogle-speed=\"300\">\n            <div class=\"eael-accordion-list\">\n\t\t\t\t\t<div id=\"contact-diffusion\" class=\"elementor-tab-title eael-accordion-header\" tabindex=\"0\" data-tab=\"1\" aria-controls=\"elementor-tab-content-2051\"><span class=\"fa-accordion-icon fa-accordion-icon-svg eaa-svg eael-advanced-accordion-icon-closed\"><svg xmlns=\"http:\/\/www.w3.org\/2000\/svg\" id=\"Calque_2\" data-name=\"Calque 2\" viewBox=\"0 0 785.92 524.36\"><defs><style>      .cls-1 {        fill: #fff;        stroke: #fff;        stroke-miterlimit: 10;      }    <\/style><\/defs><g id=\"Outline\"><g id=\"Outline-2\"><path class=\"cls-1\" d=\"m772.34,432.21h-13.08v-13.08c0-21.75-17.5-39.25-39.25-39.25s-39.25,17.5-39.25,39.25v13.08h-53.8c17.66-17.17,27.64-40.72,27.64-65.41v-222.39c-.16-79.47-64.43-143.74-143.9-143.9H144.4C64.93.66.66,64.93.5,144.4v222.39c0,50.53,41.04,91.57,91.57,91.57h92.72c7.2,42.68,47.59,71.46,90.27,64.43,33.03-5.56,58.87-31.4,64.43-64.43h367.44v26.16c0,7.2,5.89,13.08,13.08,13.08s13.08-5.89,13.08-13.08v-26.16h39.25c7.2,0,13.08-5.89,13.08-13.08s-5.89-13.08-13.08-13.08Zm-209.31,0h-39.25v-104.66h104.66v39.25c0,36.14-29.27,65.41-65.41,65.41Zm-39.25-274.72h104.66v143.9h-104.66v-143.9ZM144.4,26.66h366.3c59.85.16,110.22,45.13,116.92,104.66h-103.84v-26.16c0-21.75-17.5-39.25-39.25-39.25h-65.41c-21.75,0-39.25,17.5-39.25,39.25v26.16H27.48c6.7-59.52,57.07-104.49,116.92-104.66Zm235.48,130.82v143.9H26.66v-143.9h353.22Zm-117.74,340.13c-28.94,0-52.33-23.38-52.33-52.33s23.38-52.33,52.33-52.33,52.33,23.38,52.33,52.33-23.38,52.33-52.33,52.33Zm0-130.82c-38.26,0-70.97,27.64-77.35,65.41h-92.72c-36.14,0-65.41-29.27-65.41-65.41v-39.25h353.22v104.66h-40.39c-6.38-37.77-39.08-65.41-77.35-65.41Zm143.9,65.41V105.16c0-7.2,5.89-13.08,13.08-13.08h65.41c7.2,0,13.08,5.89,13.08,13.08v327.05h-91.57Zm300.89,0v-13.08c0-7.2,5.89-13.08,13.08-13.08s13.08,5.89,13.08,13.08v13.08h-26.16Z\"><\/path><path class=\"cls-1\" d=\"m78.99,280.62h104.66c14.39,0,26.16-11.77,26.16-26.16v-50.2c0-14.39-11.77-26.16-26.16-26.16h-104.66c-14.39,0-26.16,11.77-26.16,26.16v50.2c0,14.55,11.77,26.16,26.16,26.16Zm0-76.2h104.66v50.2h-104.66v-50.2Z\"><\/path><circle class=\"cls-1\" cx=\"262.14\" cy=\"445.29\" r=\"13.08\"><\/circle><path class=\"cls-1\" d=\"m438.75,216.35c-7.2,0-13.08,5.89-13.08,13.08v13.08c0,7.2,5.89,13.08,13.08,13.08s13.08-5.89,13.08-13.08v-13.08c0-7.2-5.89-13.08-13.08-13.08Z\"><\/path><\/g><\/g><\/svg><\/span><span class=\"eael-advanced-accordion-icon-opened\"><i aria-hidden=\"true\" class=\"fa-accordion-icon fas fa-minus\"><\/i><\/span><h5 class=\"eael-accordion-tab-title\">contact diffusion<\/h5><\/div><div id=\"elementor-tab-content-2051\" class=\"eael-accordion-content clearfix\" data-tab=\"1\" aria-labelledby=\"contact-diffusion\"><h5 style=\"text-align: center;\">Emilie Lain\u00e9<br \/>06 30 25 93 54<\/h5><p><img decoding=\"async\" class=\"size-medium wp-image-403 aligncenter\" src=\"https:\/\/lesfreresscopitone.com\/wp-content\/uploads\/2023\/05\/Emilia-Scopitone-1-300x233.jpg\" alt=\"\" width=\"300\" height=\"233\" srcset=\"https:\/\/lesfreresscopitone.com\/wp-content\/uploads\/2023\/05\/Emilia-Scopitone-1-300x233.jpg 300w, https:\/\/lesfreresscopitone.com\/wp-content\/uploads\/2023\/05\/Emilia-Scopitone-1-1024x795.jpg 1024w, https:\/\/lesfreresscopitone.com\/wp-content\/uploads\/2023\/05\/Emilia-Scopitone-1-768x596.jpg 768w, https:\/\/lesfreresscopitone.com\/wp-content\/uploads\/2023\/05\/Emilia-Scopitone-1-1536x1192.jpg 1536w, https:\/\/lesfreresscopitone.com\/wp-content\/uploads\/2023\/05\/Emilia-Scopitone-1.jpg 1899w\" sizes=\"(max-width: 300px) 100vw, 300px\" \/><\/p><p style=\"text-align: center;\">La boite d\u2019Emilie<\/p><h5 style=\"text-align: center;\"><strong><span style=\"color: #ff0000;\"><a style=\"color: #ff0000;\" href=\"mailto:emilielaine@finemouche.fr\">emilielaine@finemouche.fr<\/a><\/span><\/strong><\/h5><\/div>\n\t\t\t\t\t<\/div><\/div>\t\t\t\t<\/div>\n\t\t\t\t<\/div>\n\t\t\t\t\t<\/div>\n\t\t<\/div>\n\t\t\t\t<div class=\"elementor-column elementor-col-50 elementor-inner-column elementor-element elementor-element-940c0d1\" data-id=\"940c0d1\" data-element_type=\"column\">\n\t\t\t<div class=\"elementor-widget-wrap elementor-element-populated\">\n\t\t\t\t\t\t<div class=\"elementor-element elementor-element-c92beea elementor-widget elementor-widget-eael-adv-accordion\" data-id=\"c92beea\" data-element_type=\"widget\" data-widget_type=\"eael-adv-accordion.default\">\n\t\t\t\t<div class=\"elementor-widget-container\">\n\t\t\t\t\t            <div class=\"eael-adv-accordion\" id=\"eael-adv-accordion-c92beea\" data-scroll-on-click=\"no\" data-scroll-speed=\"300\" data-accordion-id=\"c92beea\" data-accordion-type=\"accordion\" data-toogle-speed=\"300\">\n            <div class=\"eael-accordion-list\">\n\t\t\t\t\t<div id=\"contact-compagnie\" class=\"elementor-tab-title eael-accordion-header\" tabindex=\"0\" data-tab=\"1\" aria-controls=\"elementor-tab-content-2101\"><span class=\"fa-accordion-icon fa-accordion-icon-svg eaa-svg eael-advanced-accordion-icon-closed\"><svg xmlns=\"http:\/\/www.w3.org\/2000\/svg\" id=\"Calque_2\" data-name=\"Calque 2\" viewBox=\"0 0 785.92 524.36\"><defs><style>      .cls-1 {        fill: #fff;        stroke: #fff;        stroke-miterlimit: 10;      }    <\/style><\/defs><g id=\"Outline\"><g id=\"Outline-2\"><path class=\"cls-1\" d=\"m772.34,432.21h-13.08v-13.08c0-21.75-17.5-39.25-39.25-39.25s-39.25,17.5-39.25,39.25v13.08h-53.8c17.66-17.17,27.64-40.72,27.64-65.41v-222.39c-.16-79.47-64.43-143.74-143.9-143.9H144.4C64.93.66.66,64.93.5,144.4v222.39c0,50.53,41.04,91.57,91.57,91.57h92.72c7.2,42.68,47.59,71.46,90.27,64.43,33.03-5.56,58.87-31.4,64.43-64.43h367.44v26.16c0,7.2,5.89,13.08,13.08,13.08s13.08-5.89,13.08-13.08v-26.16h39.25c7.2,0,13.08-5.89,13.08-13.08s-5.89-13.08-13.08-13.08Zm-209.31,0h-39.25v-104.66h104.66v39.25c0,36.14-29.27,65.41-65.41,65.41Zm-39.25-274.72h104.66v143.9h-104.66v-143.9ZM144.4,26.66h366.3c59.85.16,110.22,45.13,116.92,104.66h-103.84v-26.16c0-21.75-17.5-39.25-39.25-39.25h-65.41c-21.75,0-39.25,17.5-39.25,39.25v26.16H27.48c6.7-59.52,57.07-104.49,116.92-104.66Zm235.48,130.82v143.9H26.66v-143.9h353.22Zm-117.74,340.13c-28.94,0-52.33-23.38-52.33-52.33s23.38-52.33,52.33-52.33,52.33,23.38,52.33,52.33-23.38,52.33-52.33,52.33Zm0-130.82c-38.26,0-70.97,27.64-77.35,65.41h-92.72c-36.14,0-65.41-29.27-65.41-65.41v-39.25h353.22v104.66h-40.39c-6.38-37.77-39.08-65.41-77.35-65.41Zm143.9,65.41V105.16c0-7.2,5.89-13.08,13.08-13.08h65.41c7.2,0,13.08,5.89,13.08,13.08v327.05h-91.57Zm300.89,0v-13.08c0-7.2,5.89-13.08,13.08-13.08s13.08,5.89,13.08,13.08v13.08h-26.16Z\"><\/path><path class=\"cls-1\" d=\"m78.99,280.62h104.66c14.39,0,26.16-11.77,26.16-26.16v-50.2c0-14.39-11.77-26.16-26.16-26.16h-104.66c-14.39,0-26.16,11.77-26.16,26.16v50.2c0,14.55,11.77,26.16,26.16,26.16Zm0-76.2h104.66v50.2h-104.66v-50.2Z\"><\/path><circle class=\"cls-1\" cx=\"262.14\" cy=\"445.29\" r=\"13.08\"><\/circle><path class=\"cls-1\" d=\"m438.75,216.35c-7.2,0-13.08,5.89-13.08,13.08v13.08c0,7.2,5.89,13.08,13.08,13.08s13.08-5.89,13.08-13.08v-13.08c0-7.2-5.89-13.08-13.08-13.08Z\"><\/path><\/g><\/g><\/svg><\/span><span class=\"eael-advanced-accordion-icon-opened\"><i aria-hidden=\"true\" class=\"fa-accordion-icon fas fa-minus\"><\/i><\/span><h5 class=\"eael-accordion-tab-title\">contact compagnie<\/h5><\/div><div id=\"elementor-tab-content-2101\" class=\"eael-accordion-content clearfix\" data-tab=\"1\" aria-labelledby=\"contact-compagnie\"><h5 style=\"text-align: center;\"><strong><span style=\"color: #ff0000;\"><a style=\"color: #ff0000;\" href=\"mailto:lesfreresscopitone@gmail.com\" target=\"_blank\" rel=\"noopener noreferrer\">lesfreresscopitone@gmail.com<\/a><\/span><\/strong><\/h5><p style=\"text-align: center;\"><b><br \/>Les Fr\u00e8res Scopitone<\/b> est un spectacle de <b>Barda Compagnie<br \/><\/b>Pour d\u00e9couvrir les autres spectacles de la compagnie<br \/><a href=\"http:\/\/www.barda-compagnie.org\/\" target=\"_blank\" rel=\"noopener noreferrer\"><span style=\"color: #ff0000;\">www.barda-compagnie.org<\/span><br \/><\/a>\u00a034 Espace Mend\u00e8s France\u00a036000 Ch\u00e2teauroux<\/p><p style=\"text-align: center;\">\u00a0<\/p><\/div>\n\t\t\t\t\t<\/div><\/div>\t\t\t\t<\/div>\n\t\t\t\t<\/div>\n\t\t\t\t\t<\/div>\n\t\t<\/div>\n\t\t\t\t\t<\/div>\n\t\t<\/section>\n\t\t\t\t\t<\/div>\n\t\t<\/div>\n\t\t\t\t<div class=\"elementor-column elementor-col-33 elementor-top-column elementor-element elementor-element-4c01e46 elementor-hidden-mobile\" data-id=\"4c01e46\" data-element_type=\"column\">\n\t\t\t<div class=\"elementor-widget-wrap\">\n\t\t\t\t\t\t\t<\/div>\n\t\t<\/div>\n\t\t\t\t\t<\/div>\n\t\t<\/section>\n\t\t\t\t<section class=\"elementor-section elementor-top-section elementor-element elementor-element-0144a1d elementor-section-boxed elementor-section-height-default elementor-section-height-default\" data-id=\"0144a1d\" data-element_type=\"section\" data-settings=\"{&quot;_ha_eqh_enable&quot;:false}\">\n\t\t\t\t\t\t<div class=\"elementor-container elementor-column-gap-default\">\n\t\t\t\t\t<div class=\"elementor-column elementor-col-33 elementor-top-column elementor-element elementor-element-adc772f elementor-hidden-mobile\" data-id=\"adc772f\" data-element_type=\"column\">\n\t\t\t<div class=\"elementor-widget-wrap\">\n\t\t\t\t\t\t\t<\/div>\n\t\t<\/div>\n\t\t\t\t<div class=\"elementor-column elementor-col-33 elementor-top-column elementor-element elementor-element-919b6e9\" data-id=\"919b6e9\" data-element_type=\"column\">\n\t\t\t<div class=\"elementor-widget-wrap elementor-element-populated\">\n\t\t\t\t\t\t<div class=\"elementor-element elementor-element-16224f4 elementor-flip-box--effect-flip elementor-flip-box--direction-up elementor-widget elementor-widget-flip-box\" data-id=\"16224f4\" data-element_type=\"widget\" data-widget_type=\"flip-box.default\">\n\t\t\t\t<div class=\"elementor-widget-container\">\n\t\t\t\t\t\t\t<div class=\"elementor-flip-box\" tabindex=\"0\">\n\t\t\t<div class=\"elementor-flip-box__layer elementor-flip-box__front\">\n\t\t\t\t<div class=\"elementor-flip-box__layer__overlay\">\n\t\t\t\t\t<div class=\"elementor-flip-box__layer__inner\">\n\t\t\t\t\t\t\t\t\t\t\t\t\t<div class=\"elementor-flip-box__image\">\n\t\t\t\t\t\t\t\t<img decoding=\"async\" width=\"337\" height=\"166\" src=\"https:\/\/lesfreresscopitone.com\/wp-content\/uploads\/2023\/05\/SPEDIDAM-LOGO-2017-PANTONE-TXB.ai_.png\" class=\"attachment-large size-large wp-image-1353\" alt=\"\" srcset=\"https:\/\/lesfreresscopitone.com\/wp-content\/uploads\/2023\/05\/SPEDIDAM-LOGO-2017-PANTONE-TXB.ai_.png 337w, https:\/\/lesfreresscopitone.com\/wp-content\/uploads\/2023\/05\/SPEDIDAM-LOGO-2017-PANTONE-TXB.ai_-300x148.png 300w\" sizes=\"(max-width: 337px) 100vw, 337px\" \/>\t\t\t\t\t\t\t<\/div>\n\t\t\t\t\t\t\n\t\t\t\t\t\t\n\t\t\t\t\t\t\t\t\t\t\t<\/div>\n\t\t\t\t<\/div>\n\t\t\t<\/div>\n\t\t\t<div class=\"elementor-flip-box__layer elementor-flip-box__back\">\n\t\t\t<div class=\"elementor-flip-box__layer__overlay\">\n\t\t\t\t<div class=\"elementor-flip-box__layer__inner\">\n\t\t\t\t\t\n\t\t\t\t\t\t\t\t\t\t\t<div class=\"elementor-flip-box__layer__description\">\n\t\t\t\t\t\t\tLa Caravane Juk'Box des Fr\u00e8res Scopitone re\u00e7oit le soutien de la Spedidam.\t\t\t\t\t\t<\/div>\n\t\t\t\t\t\n\t\t\t\t\t\t\t\t\t\t\t<a class=\"elementor-flip-box__button elementor-button elementor-size-sm\" href=\"https:\/\/spedidam.fr\" target=\"_blank\">\n\t\t\t\t\t\t\tvisiter le site de la Spedidam\t\t\t\t\t\t<\/a>\n\t\t\t\t\t\t\t\t<\/div>\n\t\t<\/div>\n\t\t<\/div>\n\t\t<\/div>\n\t\t\t\t\t\t<\/div>\n\t\t\t\t<\/div>\n\t\t\t\t\t<\/div>\n\t\t<\/div>\n\t\t\t\t<div class=\"elementor-column elementor-col-33 elementor-top-column elementor-element elementor-element-0bf0b0b\" data-id=\"0bf0b0b\" data-element_type=\"column\">\n\t\t\t<div class=\"elementor-widget-wrap\">\n\t\t\t\t\t\t\t<\/div>\n\t\t<\/div>\n\t\t\t\t\t<\/div>\n\t\t<\/section>\n\t\t\t\t<\/div>\n\t\t","protected":false},"excerpt":{"rendered":"<p>&gt; BARDA Cie&gt; Amapola\u00a0(Chants du monde)&gt; Pedalo Cantabile (Musique, spectacle)&gt; \u00c7a va valser (Musique, spectacle)&gt; La P\u00e9p\u00e9e (Chanson)&gt; Aki Agora (Musique)\u00a0&gt; Vladkistan (Musique)\u00a0&gt; Gar\u00e7on s\u2019il vous pla\u00eet (Chanson)&gt; Le caboulot tract\u00e9 (Ev\u00e9nements sous chapiteau)\u00a0&gt; Le 36 Mani\u00e8res (Salle de spectacle)\u00a0&gt; A vos marques\u2026Tapage ! (Litt\u00e9rature, musiques, arts, albums jeunesse, sorties culturelles\u2026)&gt; Rhizomes (Photographies) &gt; Didier&hellip;&nbsp;<a href=\"https:\/\/lesfreresscopitone.com\/index.php\/les-amis-et-soutiens\/\" rel=\"bookmark\">Lire la suite &raquo;<span class=\"screen-reader-text\">Les amis et soutiens<\/span><\/a><\/p>\n","protected":false},"author":1,"featured_media":0,"parent":0,"menu_order":0,"comment_status":"closed","ping_status":"closed","template":"page-templates\/template-pagebuilder-full-width.php","meta":{"neve_meta_sidebar":"","neve_meta_container":"","neve_meta_enable_content_width":"","neve_meta_content_width":0,"neve_meta_title_alignment":"","neve_meta_author_avatar":"","neve_post_elements_order":"","neve_meta_disable_header":"","neve_meta_disable_footer":"","neve_meta_disable_title":"on","h5ap_radio_sources":[],"footnotes":""},"class_list":["post-1355","page","type-page","status-publish","hentry"],"_links":{"self":[{"href":"https:\/\/lesfreresscopitone.com\/index.php\/wp-json\/wp\/v2\/pages\/1355","targetHints":{"allow":["GET"]}}],"collection":[{"href":"https:\/\/lesfreresscopitone.com\/index.php\/wp-json\/wp\/v2\/pages"}],"about":[{"href":"https:\/\/lesfreresscopitone.com\/index.php\/wp-json\/wp\/v2\/types\/page"}],"author":[{"embeddable":true,"href":"https:\/\/lesfreresscopitone.com\/index.php\/wp-json\/wp\/v2\/users\/1"}],"replies":[{"embeddable":true,"href":"https:\/\/lesfreresscopitone.com\/index.php\/wp-json\/wp\/v2\/comments?post=1355"}],"version-history":[{"count":55,"href":"https:\/\/lesfreresscopitone.com\/index.php\/wp-json\/wp\/v2\/pages\/1355\/revisions"}],"predecessor-version":[{"id":2675,"href":"https:\/\/lesfreresscopitone.com\/index.php\/wp-json\/wp\/v2\/pages\/1355\/revisions\/2675"}],"wp:attachment":[{"href":"https:\/\/lesfreresscopitone.com\/index.php\/wp-json\/wp\/v2\/media?parent=1355"}],"curies":[{"name":"wp","href":"https:\/\/api.w.org\/{rel}","templated":true}]}}